{"id":24,"date":"2021-02-17T17:06:29","date_gmt":"2021-02-17T17:06:29","guid":{"rendered":"https:\/\/fahrschuletischmacher.digital-bewerbung.de\/?page_id=24"},"modified":"2021-02-27T08:31:57","modified_gmt":"2021-02-27T08:31:57","slug":"impressum","status":"publish","type":"page","link":"https:\/\/fahrschuletischmacher.digital-bewerbung.de\/?page_id=24","title":{"rendered":"Impressum"},"content":{"rendered":"\t\t<div data-elementor-type=\"wp-page\" data-elementor-id=\"24\" class=\"elementor elementor-24\">\n\t\t\t\t\t\t<section class=\"elementor-section elementor-top-section elementor-element elementor-element-cda019f elementor-section-full_width elementor-section-height-default elementor-section-height-default\" data-id=\"cda019f\" data-element_type=\"section\" data-e-type=\"section\" data-settings=\"{&quot;background_background&quot;:&quot;classic&quot;,&quot;sticky&quot;:&quot;top&quot;,&quot;sticky_on&quot;:[&quot;desktop&quot;,&quot;tablet&quot;,&quot;mobile&quot;],&quot;sticky_offset&quot;:0,&quot;sticky_effects_offset&quot;:0}\">\n\t\t\t\t\t\t\t<div class=\"elementor-background-overlay\"><\/div>\n\t\t\t\t\t\t\t<div class=\"elementor-container elementor-column-gap-default\">\n\t\t\t\t\t<div class=\"elementor-column elementor-col-50 elementor-top-column elementor-element elementor-element-993f763\" data-id=\"993f763\" data-element_type=\"column\" data-e-type=\"column\">\n\t\t\t<div class=\"elementor-widget-wrap elementor-element-populated\">\n\t\t\t\t\t\t<div class=\"elementor-element elementor-element-c26ee12 elementor-widget elementor-widget-theme-site-logo elementor-widget-image\" data-id=\"c26ee12\" data-element_type=\"widget\" data-e-type=\"widget\" data-settings=\"{&quot;sticky&quot;:&quot;top&quot;,&quot;sticky_on&quot;:[&quot;desktop&quot;,&quot;tablet&quot;,&quot;mobile&quot;],&quot;sticky_offset&quot;:0,&quot;sticky_effects_offset&quot;:0}\" data-widget_type=\"theme-site-logo.default\">\n\t\t\t\t<div class=\"elementor-widget-container\">\n\t\t\t\t\t\t\t\t\t\t\t\t\t\t\t\t<a href=\"https:\/\/fahrschuletischmacher.digital-bewerbung.de\">\n\t\t\t\t\t\t\t<img decoding=\"async\" width=\"300\" height=\"76\" src=\"https:\/\/fahrschuletischmacher.digital-bewerbung.de\/wp-content\/uploads\/2021\/02\/cropped-tischmacherLogo@2x-1-1-300x76.png\" class=\"attachment-medium size-medium wp-image-128\" alt=\"\" srcset=\"https:\/\/fahrschuletischmacher.digital-bewerbung.de\/wp-content\/uploads\/2021\/02\/cropped-tischmacherLogo@2x-1-1-300x76.png 300w, https:\/\/fahrschuletischmacher.digital-bewerbung.de\/wp-content\/uploads\/2021\/02\/cropped-tischmacherLogo@2x-1-1.png 516w\" sizes=\"(max-width: 300px) 100vw, 300px\" style=\"width:100%;height:25.19%;max-width:516px\" \/>\t\t\t\t\t\t\t\t<\/a>\n\t\t\t\t\t\t\t\t\t\t\t\t\t\t\t<\/div>\n\t\t\t\t<\/div>\n\t\t\t\t\t<\/div>\n\t\t<\/div>\n\t\t\t\t<div class=\"elementor-column elementor-col-50 elementor-top-column elementor-element elementor-element-16b32e9\" data-id=\"16b32e9\" data-element_type=\"column\" data-e-type=\"column\">\n\t\t\t<div class=\"elementor-widget-wrap elementor-element-populated\">\n\t\t\t\t\t\t\t<\/div>\n\t\t<\/div>\n\t\t\t\t\t<\/div>\n\t\t<\/section>\n\t\t\t\t<section class=\"elementor-section elementor-top-section elementor-element elementor-element-2f6ffa1 elementor-section-full_width elementor-section-height-min-height elementor-section-height-default elementor-section-items-middle\" data-id=\"2f6ffa1\" data-element_type=\"section\" data-e-type=\"section\">\n\t\t\t\t\t\t<div class=\"elementor-container elementor-column-gap-default\">\n\t\t\t\t\t<div class=\"elementor-column elementor-col-100 elementor-top-column elementor-element elementor-element-d108319\" data-id=\"d108319\" data-element_type=\"column\" data-e-type=\"column\">\n\t\t\t<div class=\"elementor-widget-wrap elementor-element-populated\">\n\t\t\t\t\t\t<div class=\"elementor-element elementor-element-4b76936 elementor-widget elementor-widget-text-editor\" data-id=\"4b76936\" data-element_type=\"widget\" data-e-type=\"widget\" data-widget_type=\"text-editor.default\">\n\t\t\t\t<div class=\"elementor-widget-container\">\n\t\t\t\t\t\t\t\t\t<h3>Impressum \/ Anbieterkennzeichnung<br \/>(nach \u00a75 Telemediengesetz TMG)<\/h3><h2>Informationsanbieter<\/h2><p>(verantwortlich f\u00fcr den Inhalt)<\/p><p><b>Fahrschule Tischmacher GmbH<\/b><\/p><p>Tischmacher Fahrschule GmbH<br \/>Am Sportplatz 3<br \/>89440 Lutzingen<br \/>Deutschland<br \/>Tel.: +49 9071 708 9990<br \/>E-Mail: info@fahrschuletischmacher.de<br \/>Website: fahrschuletischmacher.de<\/p><p>Haftungshinweis<\/p><p>Trotz sorgf\u00e4ltiger inhaltlicher Kontrolle \u00fcbernehmen wir keine Haftung f\u00fcr die Inhalte externer Links. F\u00fcr den Inhalt der verlinkten Seiten sind ausschlie\u00dflich deren Betreiber verantwortlich.<\/p><p>Keine Abmahnung ohne vorherigen Kontakt!<\/p><p>Sollte der Inhalt oder die Aufmachung dieser Seiten fremde Rechte Dritter oder gesetzliche Bestimmungen verletzen, so bitten wir um eine entsprechende Nachricht ohne Kostennote. Die Beseitigung einer m\u00f6glicherweise von diesen Seiten ausgehenden Schutzrecht-Verletzung durch Schutzrecht-Inhaberinnen selbst darf nicht ohne unsere Zustimmung stattfinden. Wir garantieren, dass die zu Recht beanstandeten Passagen unverz\u00fcglich entfernt werden, ohne dass von Ihrer Seite die Einschaltung eines Rechtsbeistandes erforderlich ist. Dennoch von Ihnen ohne vorherige Kontaktaufnahme ausgel\u00f6ste Kosten werden wir vollumf\u00e4nglich zur\u00fcckweisen und gegebenenfalls Gegenklage wegen Verletzung vorgenannter Bestimmungen einreichen.<\/p><p>Handelsregister: Augsburg, HRB 25120<br \/>Steuer-Nr.: 99058\/18824<br \/>USt-IDNr.: DE298688802<br \/>Gesch\u00e4ftsf\u00fchrer: Peter Hitzler, Richard Wagner<br \/>Verantwortlicher Leiter: Peter Hitzler<br \/><a href=\"https:\/\/www.fahrschule-campos.de\/kontakt\/form-jedermannverzeichnis\">Verfahrensverzeichnis anfordern<\/a><\/p><p><strong>Der direkte Draht:<br \/><\/strong><a href=\"tel:01749999646\"><b>01749999646<\/b><\/a><\/p><h1>Filialen<\/h1><table width=\"80%\"><tbody><tr><td><b>Dillingen<\/b><br \/>Gro\u00dfe Allee 51<br \/>Dillingen<br \/>Tel:\u00a0<a href=\"tel:01749999646\">0<\/a>9071 708 9990<\/td><td><b>Aufsichtsbeh\u00f6rde:<\/b><br \/>Name: LRA Dillingen<br \/>Strasse: Gro\u00dfe Allee 24<br \/>Ort: 89407 Dillingen a.d. Donau<br \/>Tel:\u00a0<a href=\"tel:0907151110\">09071\/51110<\/a><\/td><\/tr><tr><td><b>Lauingen<\/b><br \/>Herzog-Georg-Stra\u00dfe 72<br \/>Lauingen<br \/>Tel:\u00a0<a href=\"tel:01749999646\">01749999646<\/a><\/td><td><b>Aufsichtsbeh\u00f6rde:<\/b><br \/>Name: LRA Dillingen<br \/>Strasse: Gro\u00dfe Allee 24<br \/>Ort: 89407 Dillingen a.d. Donau<br \/>Tel:\u00a0<a href=\"tel:0907151110\">09071\/51110<\/a><\/td><\/tr><tr><td><b>Wittislingen<\/b><br \/>Ziertheimer Stra\u00dfe 10a<br \/>Wittislingen<br \/>Tel:\u00a0<a href=\"tel:01749999646\">01749999646<\/a><\/td><td><b>Aufsichtsbeh\u00f6rde:<\/b><br \/>Name: LRA Dillingen<br \/>Strasse: Gro\u00dfe Allee 24<br \/>Ort: 89407 Dillingen a.d. Donau<br \/>Tel:\u00a0<a href=\"tel:0907151110\">09071\/51110<\/a><\/td><\/tr><tr><td><b>H\u00f6chst\u00e4dt<\/b><br \/>Dillinger Stra\u00dfe 11<br \/>H\u00f6chst\u00e4dt<br \/>Tel:\u00a0<a href=\"tel:01749999646\">01749999646<\/a><\/td><td><b>Aufsichtsbeh\u00f6rde:<\/b><br \/>Name: LRA Dillingen<br \/>Strasse: Gro\u00dfe Allee 24<br \/>Ort: 89407 Dillingen a.d. Donau<br \/>Tel:\u00a0<a href=\"tel:0907151110\">09071\/51110<\/a><\/td><\/tr><tr><td><b>Pfaffenhofen<\/b><br \/>Am Brunnenkiel 2<br \/>Pfaffenhofen<br \/>Tel:\u00a0<a href=\"tel:01749999646\">01749999646<\/a><\/td><td><b>Aufsichtsbeh\u00f6rde:<\/b><br \/>Name: LRA Dillingen<br \/>Strasse: Gro\u00dfe Allee 24<br \/>Ort: Dillingen<br \/>Tel:\u00a0<a href=\"tel:090715110\">09071\/5110<\/a><\/td><\/tr><tr><td><b>Holzheim<\/b><br \/>Augsburger Str. 21<br \/>Holzheim<br \/>Tel: 01749999646<\/td><td><b>Aufsichtsbeh\u00f6rde:<\/b><br \/>Name: LRA Dillingen<br \/>Strasse: Gro\u00dfe Allee 24<br \/>Ort: 89407 Dillingen a.d.Donau<br \/>Tel:\u00a0<a href=\"tel:0907151110\">09071\/51110<\/a><\/td><\/tr><\/tbody><\/table><p><b>Hinweis:<\/b><\/p><p>Die EU-Kommission bietet die M\u00f6glichkeit zur Online-Streitbeilegung auf einer von ihr betriebenen Online-Plattform. Diese Plattform ist \u00fcber den externen Link\u00a0<a href=\"https:\/\/ec.europa.eu\/consumers\/odr\/\">https:\/\/ec.europa.eu\/consumers\/odr\/<\/a>\u00a0zu erreichen.<\/p><p><b>Disclaimer<\/b><br \/>Trotz sorgf\u00e4ltiger inhaltlicher Kontrolle \u00fcbernehmen wir keine Haftung f\u00fcr die Inhalte externer Links. F\u00fcr den Inhalt der verlinkten Seiten sind ausschlie\u00dflich deren Betreiber verantwortlich.<\/p><p>Die hier gegebenen Informationen erfolgten zur Erf\u00fcllung nachfolgend genannter gesetzlicher Verpflichtungen:<\/p><ul><li>\u00a7 5 und \u00a7 6 Telemediengesetz (TMG)<\/li><li>\u00a7 4 Abs. 3 Bundesdatenschutzgesetz (BDSG)<\/li><li>\u00a7 312c B\u00fcrgerliches Gesetzbuch (BGB)<\/li><li>\u00a7 1 BGB-Informationspflichten-Verordnung (BGB-InfoV)<\/li><\/ul><h2>Haftungsausschluss<\/h2><ol><li><b><i>Inhalt des Onlineangebotes<\/i><\/b><br \/>Der Autor \u00fcbernimmt keinerlei Gew\u00e4hr f\u00fcr die Aktualit\u00e4t, Korrektheit, Vollst\u00e4ndigkeit oder Qualit\u00e4t der bereitgestellten Informationen. Haftungsanspr\u00fcche gegen den Autor, welche sich auf Sch\u00e4den materieller oder ideeller Art beziehen, die durch die Nutzung oder Nichtnutzung der dargebotenen Informationen bzw. durch die Nutzung fehlerhafter und unvollst\u00e4ndiger Informationen verursacht wurden, sind grunds\u00e4tzlich ausgeschlossen, sofern seitens des Autors kein nachweislich vors\u00e4tzliches oder grob fahrl\u00e4ssiges Verschulden vorliegt.<br \/>Alle Angebote sind freibleibend und unverbindlich. Der Autor beh\u00e4lt es sich ausdr\u00fccklich vor, Teile der Seiten oder das gesamte Angebot ohne gesonderte Ank\u00fcndigung zu ver\u00e4ndern, zu erg\u00e4nzen, zu l\u00f6schen oder die Ver\u00f6ffentlichung zeitweise oder endg\u00fcltig einzustellen.<\/li><li><b><i>Verweise und Links<\/i><\/b><br \/>Bei direkten oder indirekten Verweisen auf fremde Internetseiten (\u201cLinks\u201d), die au\u00dferhalb des Verantwortungsbereiches des Autors liegen, w\u00fcrde eine Haftungsverpflichtung ausschlie\u00dflich in dem Fall in Kraft treten, in dem der Autor von den Inhalten Kenntnis hat und es ihm technisch m\u00f6glich und zumutbar w\u00e4re, die Nutzung im Falle rechtswidriger Inhalte zu verhindern.<br \/>Der Autor erkl\u00e4rt hiermit ausdr\u00fccklich, dass zum Zeitpunkt der Linksetzung keine illegalen Inhalte auf den zu verlinkenden Seiten erkennbar waren. Auf die aktuelle und zuk\u00fcnftige Gestaltung, die Inhalte oder die Urheberschaft der gelinkten\/verkn\u00fcpften Seiten hat der Autor keinerlei Einfluss. Deshalb distanziert er sich hiermit ausdr\u00fccklich von allen Inhalten aller gelinkten\/verkn\u00fcpften Seiten, die nach der Linksetzung ver\u00e4ndert wurden. Diese Feststellung gilt f\u00fcr alle innerhalb des eigenen Internetangebotes gesetzten Links und Verweise sowie f\u00fcr Fremdeintr\u00e4ge in vom Autor eingerichteten G\u00e4steb\u00fcchern, Diskussionsforen und Mailinglisten. F\u00fcr illegale, fehlerhafte oder unvollst\u00e4ndige Inhalte und insbesondere f\u00fcr Sch\u00e4den, die aus der Nutzung oder Nichtnutzung solcherart dargebotener Informationen entstehen, haftet allein der Anbieter der Seite, auf welche verwiesen wurde, nicht derjenige, der \u00fcber Links auf die jeweilige Ver\u00f6ffentlichung lediglich verweist.<\/li><li><b><i>Urheber- und Kennzeichenrecht<\/i><\/b><br \/>Der Autor ist bestrebt, in allen Publikationen die Urheberrechte der verwendeten Grafiken, Tondokumente, Videosequenzen und Texte zu beachten, von ihm selbst erstellte Grafiken, Tondokumente, Videosequenzen und Texte zu nutzen oder auf lizenzfreie Grafiken, Tondokumente, Videosequenzen und Texte zur\u00fcckzugreifen.<br \/>Alle innerhalb des Internetangebotes genannten und ggf. durch Dritte gesch\u00fctzten Marken- und Warenzeichen unterliegen uneingeschr\u00e4nkt den Bestimmungen des jeweils g\u00fcltigen Kennzeichenrechts und den Besitzrechten der jeweiligen eingetragenen Eigent\u00fcmer. Allein aufgrund der blo\u00dfen Nennung ist nicht der Schluss zu ziehen, dass Markenzeichen nicht durch Rechte Dritter gesch\u00fctzt sind!<br \/>Das Copyright f\u00fcr ver\u00f6ffentlichte, vom Autor selbst erstellte Objekte bleibt allein beim Autor der Seiten. Eine Vervielf\u00e4ltigung oder Verwendung solcher Grafiken, Tondokumente, Videosequenzen und Texte in anderen elektronischen oder gedruckten Publikationen ist ohne ausdr\u00fcckliche Zustimmung des Autors nicht gestattet.<\/li><li><b><i>Datenschutz<\/i><\/b><br \/>Unsere Datenschutzerkl\u00e4rung finden sie\u00a0<a href=\"https:\/\/www.fahrschule-campos.de\/datenschutz\/\">hier<\/a><\/li><li><b><i>Rechtswirksamkeit dieses Haftungsausschlusses<\/i><\/b><br \/>Dieser Haftungsausschluss ist als Teil des Internetangebotes zu betrachten, von dem aus auf diese Seite verwiesen wurde. Sofern Teile oder einzelne Formulierungen dieses Textes der geltenden Rechtslage nicht, nicht mehr oder nicht vollst\u00e4ndig entsprechen sollten, bleiben die \u00fcbrigen Teile des Dokumentes in ihrem Inhalt und ihrer G\u00fcltigkeit davon unber\u00fchrt.<\/li><li><b><i>Verwendung von Facebook Social Plugins<\/i><\/b><br \/>Unser Internetauftritt verwendet Social Plugins (\u201cPlugins\u201d) des sozialen Netzwerkes facebook.com, welches von der Facebook Inc., 1601 S. California Ave, Palo Alto, CA 94304, USA betrieben wird (\u201cFacebook\u201d). Die Plugins sind mit einem Facebook Logo oder dem Zusatz \u201cFacebook Social Plugin\u201d gekennzeichnet.<br \/>Wenn Sie eine Webseite unseres Internetauftritts aufrufen, die ein solches Plugin enth\u00e4lt, baut Ihr Browser eine direkte Verbindung mit den Servern von Facebook auf. Der Inhalt des Plugins wird von Facebook direkt an Ihren Browser \u00fcbermittelt und von diesem in die Webseite eingebunden.<br \/>Durch die Einbindung der Plugins erh\u00e4lt Facebook die Information, dass Sie die entsprechende Seite unseres Internetauftritts aufgerufen haben. Sind Sie bei Facebook eingeloggt kann Facebook den Besuch Ihrem Facebook-Konto zuordnen. Wenn Sie mit den Plugins interagieren, zum Beispiel den \u201cGef\u00e4llt mir\u201d Button bet\u00e4tigen oder einen Kommentar abgeben, wird die entsprechende Information von Ihrem Browser direkt an Facebook \u00fcbermittelt und dort gespeichert.<br \/>Zweck und Umfang der Datenerhebung und die weitere Verarbeitung und Nutzung der Daten durch Facebook sowie Ihre diesbez\u00fcglichen Rechte und Einstellungsm\u00f6glichkeiten zum Schutz Ihrer Privatssph\u00e4re entnehmen Sie bitte den Datenschutzhinweisen von Facebook. Wenn Sie nicht m\u00f6chten, dass Facebook \u00fcber unseren Internetauftritt Daten \u00fcber Sie sammelt, m\u00fcssen Sie sich vor Ihrem Besuch unseres Internetauftritts bei Facebook ausloggen.<\/li><li><b><i>Verwendung von Google Analytics<\/i><\/b><br \/>Diese Website benutzt Google Analytics, einen Webanalysedienst der Google Inc. (\u0084Google\u0093). Google Analytics verwendet sog. \u0084Cookies\u0093, Textdateien, die auf Ihrem Computer gespeichert werden und die eine Analyse der Benutzung der Website durch Sie erm\u00f6glichen. Die durch den Cookie erzeugten Informationen \u00fcber Ihre Benutzung dieser Website werden in der Regel an einen Server von Google in den USA \u00fcbertragen und dort gespeichert.<br \/>Im Falle der Aktivierung der IP-Anonymisierung auf dieser Webseite, wird Ihre IP-Adresse von Google jedoch innerhalb von Mitgliedstaaten der Europ\u00e4ischen Union oder in anderen Vertragsstaaten des Abkommens \u00fcber den Europ\u00e4ischen Wirtschaftsraum zuvor gek\u00fcrzt. Nur in Ausnahmef\u00e4llen wird die volle IP-Adresse an einen Server von Google in den USA \u00fcbertragen und dort gek\u00fcrzt. Die IP-Anonymisierung ist auf dieser Website aktiv. Im Auftrag des Betreibers dieser Website wird Google diese Informationen benutzen, um Ihre Nutzung der Website auszuwerten, um Reports \u00fcber die Websiteaktivit\u00e4ten zusammenzustellen und um weitere mit der Websitenutzung und der Internetnutzung verbundene Dienstleistungen gegen\u00fcber dem Websitebetreiber zu erbringen.<br \/>Die im Rahmen von Google Analytics von Ihrem Browser \u00fcbermittelte IP-Adresse wird nicht mit anderen Daten von Google zusammengef\u00fchrt. Sie k\u00f6nnen die Speicherung der Cookies durch eine entsprechende Einstellung Ihrer Browser-Software verhindern; wir weisen Sie jedoch darauf hin, dass Sie in diesem Fall gegebenenfalls nicht s\u00e4mtliche Funktionen dieser Website vollumf\u00e4nglich werden nutzen k\u00f6nnen. Sie k\u00f6nnen dar\u00fcber hinaus die Erfassung der durch das Cookie erzeugten und auf Ihre Nutzung der Website bezogenen Daten (inkl. Ihrer IP-Adresse) an Google sowie die Verarbeitung dieser Daten durch Google verhindern, indem sie das unter dem folgenden Link verf\u00fcgbare Browser-Plugin herunterladen und installieren: http:\/\/tools.google.com\/dlpage\/gaoptout?hl=de.<\/li><li><b><i>Hinweise zu Urheberrechten von Bildern:<\/i><\/b><br \/>\u00a9 Fahrschule Tischmacher GmbH<\/li><\/ol>\t\t\t\t\t\t\t\t<\/div>\n\t\t\t\t<\/div>\n\t\t\t\t\t<\/div>\n\t\t<\/div>\n\t\t\t\t\t<\/div>\n\t\t<\/section>\n\t\t\t\t<\/div>\n\t\t","protected":false},"excerpt":{"rendered":"<p>Impressum \/ Anbieterkennzeichnung(nach \u00a75 Telemediengesetz TMG) Informationsanbieter (verantwortlich f\u00fcr den Inhalt) Fahrschule Tischmacher GmbH Tischmacher Fahrschule GmbHAm Sportplatz 389440 LutzingenDeutschlandTel.: +49 9071 708 9990E-Mail: info@fahrschuletischmacher.deWebsite: fahrschuletischmacher.de Haftungshinweis Trotz sorgf\u00e4ltiger inhaltlicher Kontrolle \u00fcbernehmen wir keine Haftung f\u00fcr die Inhalte externer Links. F\u00fcr den Inhalt der verlinkten Seiten sind ausschlie\u00dflich deren Betreiber verantwortlich. Keine Abmahnung ohne vorherigen&hellip; <a class=\"more-link\" href=\"https:\/\/fahrschuletischmacher.digital-bewerbung.de\/?page_id=24\"><span class=\"screen-reader-text\">Impressum<\/span> weiterlesen<\/a><\/p>\n","protected":false},"author":1,"featured_media":0,"parent":0,"menu_order":0,"comment_status":"closed","ping_status":"closed","template":"elementor_canvas","meta":{"footnotes":""},"class_list":["post-24","page","type-page","status-publish","hentry","entry"],"_links":{"self":[{"href":"https:\/\/fahrschuletischmacher.digital-bewerbung.de\/index.php?rest_route=\/wp\/v2\/pages\/24","targetHints":{"allow":["GET"]}}],"collection":[{"href":"https:\/\/fahrschuletischmacher.digital-bewerbung.de\/index.php?rest_route=\/wp\/v2\/pages"}],"about":[{"href":"https:\/\/fahrschuletischmacher.digital-bewerbung.de\/index.php?rest_route=\/wp\/v2\/types\/page"}],"author":[{"embeddable":true,"href":"https:\/\/fahrschuletischmacher.digital-bewerbung.de\/index.php?rest_route=\/wp\/v2\/users\/1"}],"replies":[{"embeddable":true,"href":"https:\/\/fahrschuletischmacher.digital-bewerbung.de\/index.php?rest_route=%2Fwp%2Fv2%2Fcomments&post=24"}],"version-history":[{"count":0,"href":"https:\/\/fahrschuletischmacher.digital-bewerbung.de\/index.php?rest_route=\/wp\/v2\/pages\/24\/revisions"}],"wp:attachment":[{"href":"https:\/\/fahrschuletischmacher.digital-bewerbung.de\/index.php?rest_route=%2Fwp%2Fv2%2Fmedia&parent=24"}],"curies":[{"name":"wp","href":"https:\/\/api.w.org\/{rel}","templated":true}]}}